{"id":1039,"date":"2024-07-25T13:07:40","date_gmt":"2024-07-25T11:07:40","guid":{"rendered":"https:\/\/greentel.es\/?page_id=1039"},"modified":"2024-07-25T13:07:40","modified_gmt":"2024-07-25T11:07:40","slug":"personalizar-cookies","status":"publish","type":"page","link":"https:\/\/greentel.es\/?page_id=1039","title":{"rendered":"Personalizar Cookies"},"content":{"rendered":"\n<div>\n      <div id=\"custom-cookies-eu-label\">\n\n        Greentel utiliza cookies propias y de terceros, as\u00ed como los datos de la conexi\u00f3n del cliente o usuario para conocer el operador de acceso y, en su caso, asociarlo a su condici\u00f3n de cliente. Estas cookies ser\u00e1n utilizadas con la finalidad de gestionar y recabar informaci\u00f3n sobre la utilizaci\u00f3n del servicio, mejorar nuestros servicios y mostrarte publicidad personalizada relacionada con tus preferencias en base a un perfil elaborado a partir de tus h\u00e1bitos y el an\u00e1lisis de tu comportamiento dentro de la web (por ejemplo, secciones visitadas, consultas realizadas o links visitados). Pulsa \\\\\\\"Aceptar todas las cookies\\\\\\\" o \\\\\\\"Rechazar cookies\\\\\\\" si solo autorizas las esenciales para el funcionamiento de la web.\n          &nbsp;&nbsp;\n          <a target=\"_blank\" id=\"cookies-eu-more\" rel=\"nofollow\" href=\"https:\/\/greentel.es\/?page_id=1038\">M\u00e1s informaci\u00f3n<\/a>\n      <\/div>\n\n      <div id=\"custom-cookies-eu-buttons\" class=\"cookies-eu-buttons\">\n        <button id=\"custom-cookies-eu-reject\" class=\"cookies-eu-reject\">Rechazar<\/button>\n        <button id=\"custom-cookies-eu-accept\" class=\"cookies-eu-accept\">ACEPTAR TODAS LAS COOKIES<\/button><\/div>\n      <\/div>\n\n<br\/>\n<p>\n\tPuedes cambiar tus preferencias de cookies en cualquier momento si vuelves a la p\u00e1gina de Personalizar cookies, a la que puedes acceder a trav\u00e9s del Aviso de cookies. Para obtener m\u00e1s informaci\u00f3n sobre las cookies y c\u00f3mo las usamos, consulta la p\u00e1gina de <a href=\"https:\/\/greentel.es\/?page_id=1038\">Pol\u00edtica de Cookies<\/a>.\n<\/p>\n\n<h3>Cookies t\u00e9cnicas<\/h3>\n<p>\n\tSon aquellas que permiten a los usuarios registrados navegar a trav\u00e9s del sitio Web, del \u00e1rea restringida y a utilizar sus diferentes funciones, como por ejemplo, el sistema de comentarios o el buscador y no pueden ser desactivadas.\n<\/p>\n\n\n\n","protected":false},"excerpt":{"rendered":"<p>Greentel utiliza cookies propias y de terceros, as\u00ed como los datos de la conexi\u00f3n del cliente o usuario para conocer el operador de acceso y, en su caso, asociarlo a su condici\u00f3n de cliente. Estas cookies ser\u00e1n utilizadas con la finalidad de gestionar y recabar informaci\u00f3n sobre la utilizaci\u00f3n del servicio, mejorar nuestros servicios y [&hellip;]<\/p>\n","protected":false},"author":3,"featured_media":0,"parent":0,"menu_order":0,"comment_status":"closed","ping_status":"closed","template":"","meta":{"footnotes":""},"class_list":["post-1039","page","type-page","status-publish","hentry"],"yoast_head":"<!-- This site is optimized with the Yoast SEO plugin v26.6 - https:\/\/yoast.com\/wordpress\/plugins\/seo\/ -->\n<title>Personalizar Cookies - Greentel<\/title>\n<meta name=\"robots\" content=\"index, follow, max-snippet:-1, max-image-preview:large, max-video-preview:-1\" \/>\n<link rel=\"canonical\" href=\"https:\/\/greentel.es\/?page_id=1039\" \/>\n<meta property=\"og:locale\" content=\"es_ES\" \/>\n<meta property=\"og:type\" content=\"article\" \/>\n<meta property=\"og:title\" content=\"Personalizar Cookies - Greentel\" \/>\n<meta property=\"og:description\" content=\"Greentel utiliza cookies propias y de terceros, as\u00ed como los datos de la conexi\u00f3n del cliente o usuario para conocer el operador de acceso y, en su caso, asociarlo a su condici\u00f3n de cliente. Estas cookies ser\u00e1n utilizadas con la finalidad de gestionar y recabar informaci\u00f3n sobre la utilizaci\u00f3n del servicio, mejorar nuestros servicios y [&hellip;]\" \/>\n<meta property=\"og:url\" content=\"https:\/\/greentel.es\/?page_id=1039\" \/>\n<meta property=\"og:site_name\" content=\"Greentel\" \/>\n<meta name=\"twitter:card\" content=\"summary_large_image\" \/>\n<script type=\"application\/ld+json\" class=\"yoast-schema-graph\">{\"@context\":\"https:\/\/schema.org\",\"@graph\":[{\"@type\":\"WebPage\",\"@id\":\"https:\/\/greentel.es\/?page_id=1039\",\"url\":\"https:\/\/greentel.es\/?page_id=1039\",\"name\":\"Personalizar Cookies - Greentel\",\"isPartOf\":{\"@id\":\"https:\/\/greentel.es\/#website\"},\"datePublished\":\"2024-07-25T11:07:40+00:00\",\"breadcrumb\":{\"@id\":\"https:\/\/greentel.es\/?page_id=1039#breadcrumb\"},\"inLanguage\":\"es\",\"potentialAction\":[{\"@type\":\"ReadAction\",\"target\":[\"https:\/\/greentel.es\/?page_id=1039\"]}]},{\"@type\":\"BreadcrumbList\",\"@id\":\"https:\/\/greentel.es\/?page_id=1039#breadcrumb\",\"itemListElement\":[{\"@type\":\"ListItem\",\"position\":1,\"name\":\"Portada\",\"item\":\"https:\/\/greentel.es\/\"},{\"@type\":\"ListItem\",\"position\":2,\"name\":\"Personalizar Cookies\"}]},{\"@type\":\"WebSite\",\"@id\":\"https:\/\/greentel.es\/#website\",\"url\":\"https:\/\/greentel.es\/\",\"name\":\"Greentel\",\"description\":\"La compa\u00f1\u00eda lowcost sostenible que ha venido a romper el mercado\",\"publisher\":{\"@id\":\"https:\/\/greentel.es\/#organization\"},\"potentialAction\":[{\"@type\":\"SearchAction\",\"target\":{\"@type\":\"EntryPoint\",\"urlTemplate\":\"https:\/\/greentel.es\/?s={search_term_string}\"},\"query-input\":{\"@type\":\"PropertyValueSpecification\",\"valueRequired\":true,\"valueName\":\"search_term_string\"}}],\"inLanguage\":\"es\"},{\"@type\":\"Organization\",\"@id\":\"https:\/\/greentel.es\/#organization\",\"name\":\"Greentel\",\"url\":\"https:\/\/greentel.es\/\",\"logo\":{\"@type\":\"ImageObject\",\"inLanguage\":\"es\",\"@id\":\"https:\/\/greentel.es\/#\/schema\/logo\/image\/\",\"url\":\"https:\/\/greentel.es\/wp-content\/uploads\/2024\/06\/Diseno-sin-titulo-2.png\",\"contentUrl\":\"https:\/\/greentel.es\/wp-content\/uploads\/2024\/06\/Diseno-sin-titulo-2.png\",\"width\":500,\"height\":500,\"caption\":\"Greentel\"},\"image\":{\"@id\":\"https:\/\/greentel.es\/#\/schema\/logo\/image\/\"}}]}<\/script>\n<!-- \/ Yoast SEO plugin. -->","yoast_head_json":{"title":"Personalizar Cookies - Greentel","robots":{"index":"index","follow":"follow","max-snippet":"max-snippet:-1","max-image-preview":"max-image-preview:large","max-video-preview":"max-video-preview:-1"},"canonical":"https:\/\/greentel.es\/?page_id=1039","og_locale":"es_ES","og_type":"article","og_title":"Personalizar Cookies - Greentel","og_description":"Greentel utiliza cookies propias y de terceros, as\u00ed como los datos de la conexi\u00f3n del cliente o usuario para conocer el operador de acceso y, en su caso, asociarlo a su condici\u00f3n de cliente. Estas cookies ser\u00e1n utilizadas con la finalidad de gestionar y recabar informaci\u00f3n sobre la utilizaci\u00f3n del servicio, mejorar nuestros servicios y [&hellip;]","og_url":"https:\/\/greentel.es\/?page_id=1039","og_site_name":"Greentel","twitter_card":"summary_large_image","schema":{"@context":"https:\/\/schema.org","@graph":[{"@type":"WebPage","@id":"https:\/\/greentel.es\/?page_id=1039","url":"https:\/\/greentel.es\/?page_id=1039","name":"Personalizar Cookies - Greentel","isPartOf":{"@id":"https:\/\/greentel.es\/#website"},"datePublished":"2024-07-25T11:07:40+00:00","breadcrumb":{"@id":"https:\/\/greentel.es\/?page_id=1039#breadcrumb"},"inLanguage":"es","potentialAction":[{"@type":"ReadAction","target":["https:\/\/greentel.es\/?page_id=1039"]}]},{"@type":"BreadcrumbList","@id":"https:\/\/greentel.es\/?page_id=1039#breadcrumb","itemListElement":[{"@type":"ListItem","position":1,"name":"Portada","item":"https:\/\/greentel.es\/"},{"@type":"ListItem","position":2,"name":"Personalizar Cookies"}]},{"@type":"WebSite","@id":"https:\/\/greentel.es\/#website","url":"https:\/\/greentel.es\/","name":"Greentel","description":"La compa\u00f1\u00eda lowcost sostenible que ha venido a romper el mercado","publisher":{"@id":"https:\/\/greentel.es\/#organization"},"potentialAction":[{"@type":"SearchAction","target":{"@type":"EntryPoint","urlTemplate":"https:\/\/greentel.es\/?s={search_term_string}"},"query-input":{"@type":"PropertyValueSpecification","valueRequired":true,"valueName":"search_term_string"}}],"inLanguage":"es"},{"@type":"Organization","@id":"https:\/\/greentel.es\/#organization","name":"Greentel","url":"https:\/\/greentel.es\/","logo":{"@type":"ImageObject","inLanguage":"es","@id":"https:\/\/greentel.es\/#\/schema\/logo\/image\/","url":"https:\/\/greentel.es\/wp-content\/uploads\/2024\/06\/Diseno-sin-titulo-2.png","contentUrl":"https:\/\/greentel.es\/wp-content\/uploads\/2024\/06\/Diseno-sin-titulo-2.png","width":500,"height":500,"caption":"Greentel"},"image":{"@id":"https:\/\/greentel.es\/#\/schema\/logo\/image\/"}}]}},"_links":{"self":[{"href":"https:\/\/greentel.es\/index.php?rest_route=\/wp\/v2\/pages\/1039","targetHints":{"allow":["GET"]}}],"collection":[{"href":"https:\/\/greentel.es\/index.php?rest_route=\/wp\/v2\/pages"}],"about":[{"href":"https:\/\/greentel.es\/index.php?rest_route=\/wp\/v2\/types\/page"}],"author":[{"embeddable":true,"href":"https:\/\/greentel.es\/index.php?rest_route=\/wp\/v2\/users\/3"}],"replies":[{"embeddable":true,"href":"https:\/\/greentel.es\/index.php?rest_route=%2Fwp%2Fv2%2Fcomments&post=1039"}],"version-history":[{"count":0,"href":"https:\/\/greentel.es\/index.php?rest_route=\/wp\/v2\/pages\/1039\/revisions"}],"wp:attachment":[{"href":"https:\/\/greentel.es\/index.php?rest_route=%2Fwp%2Fv2%2Fmedia&parent=1039"}],"curies":[{"name":"wp","href":"https:\/\/api.w.org\/{rel}","templated":true}]}}